{"id":285,"date":"2023-09-16T12:00:42","date_gmt":"2023-09-16T10:00:42","guid":{"rendered":"https:\/\/www.autohaus-schnoedt.de\/bcs\/?page_id=285"},"modified":"2024-01-15T11:33:06","modified_gmt":"2024-01-15T10:33:06","slug":"impressum","status":"publish","type":"page","link":"https:\/\/www.autohaus-schnoedt.de\/bcs\/impressum\/","title":{"rendered":"Impressum"},"content":{"rendered":"<div id='av-layout-grid-1'  class='av-layout-grid-container av-j7nwt-57c95cbcb2d90d15a28248c317f1d604 entry-content-wrapper main_color av-flex-cells  avia-builder-el-0  avia-builder-el-no-sibling   container_wrap sidebar_right'  >\n\n<style type=\"text\/css\" data-created_by=\"avia_inline_auto\" id=\"style-css-av-lmlv692s-debfad33335df8b5e3c7426f9df0478e\">\n.flex_cell.av-lmlv692s-debfad33335df8b5e3c7426f9df0478e{\nvertical-align:middle;\nbackground-color:#054570;\nbackground:linear-gradient( 45deg, #054570, #397eb2, #edf3ff );\n}\n<\/style>\n<div class='flex_cell av-lmlv692s-debfad33335df8b5e3c7426f9df0478e av-gridrow-cell av_one_fifth no_margin  avia-builder-el-1  el_before_av_cell_two_fifth  avia-builder-el-first '  ><div class='flex_cell_inner'><\/div><\/div><div class='flex_cell av-f2kml-90cfebb8815f8a8f0d76a20408dce8c8 av-gridrow-cell av_two_fifth no_margin  avia-builder-el-2  el_after_av_cell_one_fifth  el_before_av_cell_two_fifth '  ><div class='flex_cell_inner'><p>\n<style type=\"text\/css\" data-created_by=\"avia_inline_auto\" id=\"style-css-av-lmluzy9f-c157b47d1eb7c2dab37f6480a2df661c\">\n#top .av-special-heading.av-lmluzy9f-c157b47d1eb7c2dab37f6480a2df661c{\npadding-bottom:10px;\n}\nbody .av-special-heading.av-lmluzy9f-c157b47d1eb7c2dab37f6480a2df661c .av-special-heading-tag .heading-char{\nfont-size:25px;\n}\n.av-special-heading.av-lmluzy9f-c157b47d1eb7c2dab37f6480a2df661c .av-subheading{\nfont-size:15px;\n}\n<\/style>\n<div  class='av-special-heading av-lmluzy9f-c157b47d1eb7c2dab37f6480a2df661c av-special-heading-h1  avia-builder-el-3  el_before_av_textblock  avia-builder-el-first '><h1 class='av-special-heading-tag'  itemprop=\"headline\"  >Impressum<\/h1><div class=\"special-heading-border\"><div class=\"special-heading-inner-border\"><\/div><\/div><\/div><br \/>\n<section  class='av_textblock_section av-lmlv0j24-916bd993e19085e14acd204a002fa4de '   itemscope=\"itemscope\" itemtype=\"https:\/\/schema.org\/CreativeWork\" ><div class='avia_textblock'  itemprop=\"text\" ><p><strong>Verantwortlich f\u00fcr f\u00fcr den Inhalt nach \u00a755 Abs. RStV: <\/strong><\/p>\n<p>Autohaus Wolfgang Schn\u00f6dt e.K.<br \/>\nDegelsdorfer Stra\u00dfe 10<br \/>\n91275 Auerbach (Oberpfalz)<\/p>\n<p>Gesch\u00e4ftsleitung:<br \/>\nWolfgang Schn\u00f6dt<\/p>\n<p>Telefonnummer:<br \/>\n09643 \/ 92310<\/p>\n<p>E-Mail-Adresse:<br \/>\n<a href=\"mailto:info@autohaus-schnoedt.de\">info@autohaus-schnoedt.de<\/a><\/p>\n<p>Registergericht:<br \/>\nAmberg HRA 1367<\/p>\n<p>Versicherungsvermittlerregister:<br \/>\nRegister-Nr. D-FCLY-G44B6-32<\/p>\n<p>Umsatzsteuer-Identifikationsnummer:<br \/>\nDE131816684<\/p>\n<p><strong>Erlaubnisbefreiung nach \u00a7 34d Abs. 6 GewO, Aufsichtsbeh\u00f6rde:\u2028<\/strong><br \/>\nIHK Regensburg f\u00fcr Oberpfalz \/ Kelheim<br \/>\nRingstra\u00dfe 7<br \/>\n92318 Neumarkt in der Oberpfalz<br \/>\n<a href=\"http:\/\/www.ihk-regensburg.de\">www.ihk-regensburg.de<\/a><\/p>\n<p>Mitglied der IHK Regensburg f\u00fcr Oberpfalz \/ Kelheim<\/p>\n<p><strong>Bildnachweis:<\/strong><br \/>\nstock.adobe.com &#8211; hedgehog94<br \/>\nstock.adobe.com &#8211; nosorogua<br \/>\nstock.adobe.com &#8211; Jakub Krechowicz<br \/>\nstock.adobe.com &#8211; JD8<br \/>\nstock.adobe.com &#8211; sirisakboakaew<br \/>\nstock.adobe.com &#8211; ronstik<br \/>\nstock.adobe.com &#8211; candy1812<br \/>\nstock.adobe.com &#8211; Mr. Music<br \/>\nstock.adobe.com &#8211; Dezaypro gmail com<br \/>\nstock.adobe.com &#8211; bubushonok<br \/>\nstock.adobe.com &#8211; scharfsinn86<\/p>\n<\/div><\/section><\/p>\n<\/div><\/div>\n<style type=\"text\/css\" data-created_by=\"avia_inline_auto\" id=\"style-css-av-asf8t-ed9d1e5e82c207ded20fa0a50e68a2d6\">\n.flex_cell.av-asf8t-ed9d1e5e82c207ded20fa0a50e68a2d6{\nvertical-align:top;\n}\n<\/style>\n<div class='flex_cell av-asf8t-ed9d1e5e82c207ded20fa0a50e68a2d6 av-gridrow-cell av_two_fifth no_margin  avia-builder-el-5  el_after_av_cell_two_fifth  avia-builder-el-last '  ><div class='flex_cell_inner'><section  class='av_textblock_section av-lmluqpid-313539713dcd5703e98169d520d6f9a9 '   itemscope=\"itemscope\" itemtype=\"https:\/\/schema.org\/CreativeWork\" ><div class='avia_textblock'  itemprop=\"text\" ><h3>Haftungsausschluss<\/h3>\n<p><strong>Inhalt des Onlineangebotes<br \/>\n<\/strong>Der Autor \u00fcbernimmt keinerlei Gew\u00e4hr f\u00fcr die Aktualit\u00e4t, Korrektheit, Vollst\u00e4ndigkeit oder Qualit\u00e4t der bereitgestellten Informationen. Haftungsanspr\u00fcche gegen den Autor, welche sich auf Sch\u00e4den materieller oder ideeller Art beziehen, die durch die Nutzung oder Nichtnutzung der dargebotenen Informationen bzw. durch die Nutzung fehlerhafter und unvollst\u00e4ndiger Informationen verursacht wurden, sind grunds\u00e4tzlich ausgeschlossen, sofern seitens des Autors kein nachweislich vors\u00e4tzliches oder grob fahrl\u00e4ssiges Verschulden vorliegt. Alle Angebote sind freibleibend und unverbindlich. Der Autor beh\u00e4lt es sich ausdr\u00fccklich vor, Teile der Seiten oder das gesamte Angebot ohne gesonderte Ank\u00fcndigung zu ver\u00e4ndern, zu erg\u00e4nzen, zu l\u00f6schen oder die Ver\u00f6ffentlichung zeitweise oder endg\u00fcltig einzustellen.<\/p>\n<p><strong>Haftung f\u00fcr Links<\/strong><br \/>\nUnser Angebot enth\u00e4lt Links zu externen Webseiten Dritter, auf deren Inhalte wir keinen Einfluss haben. Deshalb k\u00f6nnen wir f\u00fcr diese fremden Inhalte auch keine Gew\u00e4hr \u00fcbernehmen. F\u00fcr die Inhalte der verlinkten Seiten ist stets der jeweilige Anbieter oder Betreiber der Seiten verantwortlich. Die verlinkten Seiten wurden zum Zeitpunkt der Verlinkung auf m\u00f6gliche Rechtsverst\u00f6\u00dfe \u00fcberpr\u00fcft. Rechtswidrige Inhalte waren zum Zeitpunkt der Verlinkung nicht erkennbar. Eine permanente inhaltliche Kontrolle der verlinkten Seiten ist jedoch ohne konkrete Anhaltspunkte einer Rechtsverletzung nicht zumutbar. Bei Bekanntwerden von Rechtsverletzungen werden wir derartige Links umgehend entfernen.<\/p>\n<p><strong>Urheber- und Kennzeichenrecht<\/strong><br \/>\nDer Autor ist bestrebt, in allen Publikationen die Urheberrechte der verwendeten Bilder, Grafiken, Tondokumente, Videosequenzen und Texte zu beachten, von ihm selbst erstellte Bilder, Grafiken, Tondokumente, Videosequenzen und Texte zu nutzen oder auf lizenzfreie Grafiken, Tondokumente, Videosequenzen und Texte zur\u00fcckzugreifen. Alle innerhalb des Internetangebotes genannten und ggf. durch Dritte gesch\u00fctzten Marken- und Warenzeichen unterliegen uneingeschr\u00e4nkt den Bestimmungen des jeweils g\u00fcltigen Kennzeichenrechts und den Besitzrechten der jeweiligen eingetragenen Eigent\u00fcmer. Allein aufgrund der blo\u00dfen Nennung ist nicht der Schluss zu ziehen, dass Markenzeichen nicht durch Rechte Dritter gesch\u00fctzt sind! Das Copyright f\u00fcr ver\u00f6ffentlichte, vom Autor selbst erstellte Objekte bleibt allein beim Autor der Seiten. Eine Vervielf\u00e4ltigung oder Verwendung solcher Grafiken, Tondokumente, Videosequenzen und Texte in anderen elektronischen oder gedruckten Publikationen ist ohne ausdr\u00fcckliche Zustimmung des Autors nicht gestattet.<\/p>\n<p><strong>Rechtswirksamkeit dieses Haftungsausschlusses<\/strong><br \/>\nDieser Haftungsausschluss ist als Teil des Internetangebotes zu betrachten, von dem aus auf diese Seite verwiesen wurde. Sofern Teile oder einzelne Formulierungen dieses Textes der geltenden Rechtslage nicht, nicht mehr oder nicht vollst\u00e4ndig entsprechen sollten, bleiben die \u00fcbrigen Teile des Dokumentes in ihrem Inhalt und ihrer G\u00fcltigkeit davon unber\u00fchrt.<\/p>\n<p><strong>Informationen zur Online-Streitbeilegung:<\/strong><br \/>\nDie Europ\u00e4ische Kommission stellt eine Plattform zur Online-Streitbeilegung (OS) bereit. Die Plattform finden Sie unter: http:\/\/ec.europa.eu\/consumers\/odr\/. Als Kunde haben Sie jederzeit die M\u00f6glichkeit, die Schlichtungsstelle der Europ\u00e4ischen Kommission zu kontaktieren. Wir sind nicht bereit oder verpflichtet, an Streitbeilegungsverfahren vor einer Verbraucherschlichtungsstelle der Europ\u00e4ischen Kommission teilzunehmen.<\/p>\n<p>\u00a9 2024. Autohaus Wolfgang Schn\u00f6dt. Alle Rechte vorbehalten. Inhalt und Struktur unseres Internetauftritts sind urheberrechtlich gesch\u00fctzt. Das Autohaus Wolfgang Schn\u00f6dt \u00fcbernimmt \u2013 trotz Sorgfalt \u2013 keine Gew\u00e4hr f\u00fcr die Richtigkeit der bereitgestellten Informationen. F\u00fcr die Inhalte fremder Webseiten, zu denen von dieser Seite verlinkt wird, \u00fcbernehmen wir keinerlei Haftung und machen uns deren Inhalt in keiner Weise zu eigen.<\/p>\n<\/div><\/section>\n<\/div><\/div><\/div>\n","protected":false},"excerpt":{"rendered":"","protected":false},"author":2,"featured_media":0,"parent":0,"menu_order":0,"comment_status":"closed","ping_status":"closed","template":"","meta":{"footnotes":""},"class_list":["post-285","page","type-page","status-publish","hentry"],"_links":{"self":[{"href":"https:\/\/www.autohaus-schnoedt.de\/bcs\/wp-json\/wp\/v2\/pages\/285","targetHints":{"allow":["GET"]}}],"collection":[{"href":"https:\/\/www.autohaus-schnoedt.de\/bcs\/wp-json\/wp\/v2\/pages"}],"about":[{"href":"https:\/\/www.autohaus-schnoedt.de\/bcs\/wp-json\/wp\/v2\/types\/page"}],"author":[{"embeddable":true,"href":"https:\/\/www.autohaus-schnoedt.de\/bcs\/wp-json\/wp\/v2\/users\/2"}],"replies":[{"embeddable":true,"href":"https:\/\/www.autohaus-schnoedt.de\/bcs\/wp-json\/wp\/v2\/comments?post=285"}],"version-history":[{"count":10,"href":"https:\/\/www.autohaus-schnoedt.de\/bcs\/wp-json\/wp\/v2\/pages\/285\/revisions"}],"predecessor-version":[{"id":483,"href":"https:\/\/www.autohaus-schnoedt.de\/bcs\/wp-json\/wp\/v2\/pages\/285\/revisions\/483"}],"wp:attachment":[{"href":"https:\/\/www.autohaus-schnoedt.de\/bcs\/wp-json\/wp\/v2\/media?parent=285"}],"curies":[{"name":"wp","href":"https:\/\/api.w.org\/{rel}","templated":true}]}}